{"id":1235,"date":"2025-02-19T10:32:32","date_gmt":"2025-02-19T10:32:32","guid":{"rendered":"https:\/\/www.ratownictwo-wodne.com\/?page_id=1235"},"modified":"2025-04-24T11:44:59","modified_gmt":"2025-04-24T11:44:59","slug":"rodo","status":"publish","type":"page","link":"https:\/\/www.ratownictwo-wodne.com\/index.php\/rodo\/","title":{"rendered":"RODO"},"content":{"rendered":"<div data-colibri-id=\"1235-c1\" class=\"style-825 style-local-1235-c1 position-relative\">\n  <!---->\n  <div data-colibri-component=\"section\" data-colibri-id=\"1235-c2\" id=\"custom\" class=\"h-section h-section-global-spacing d-flex align-items-lg-center align-items-md-center align-items-center style-826 style-local-1235-c2 position-relative\">\n    <!---->\n    <!---->\n    <div class=\"h-section-grid-container h-section-boxed-container\">\n      <!---->\n      <div data-colibri-id=\"1235-c3\" class=\"h-row-container gutters-row-lg-2 gutters-row-md-2 gutters-row-0 gutters-row-v-lg-2 gutters-row-v-md-2 gutters-row-v-2 style-829 style-local-1235-c3 position-relative\">\n        <!---->\n        <div class=\"h-row justify-content-lg-center justify-content-md-center justify-content-center align-items-lg-stretch align-items-md-stretch align-items-stretch gutters-col-lg-2 gutters-col-md-2 gutters-col-0 gutters-col-v-lg-2 gutters-col-v-md-2 gutters-col-v-2\">\n          <!---->\n          <div class=\"h-column h-column-container d-flex h-col-lg-auto h-col-md-auto h-col-auto style-830-outer style-local-1235-c4-outer\">\n            <div data-colibri-id=\"1235-c4\" class=\"d-flex h-flex-basis h-column__inner h-px-lg-2 h-px-md-2 h-px-2 v-inner-lg-2 v-inner-md-2 v-inner-2 style-830 style-local-1235-c4 position-relative\">\n              <!---->\n              <!---->\n              <div class=\"w-100 h-y-container h-column__content h-column__v-align flex-basis-100 align-self-lg-start align-self-md-start align-self-start\">\n                <!---->\n                <div data-colibri-id=\"1235-c5\" class=\"h-text h-text-component style-831 style-local-1235-c5 position-relative h-element\">\n                  <!---->\n                  <!---->\n                  <div class=\"\">\n                    <p><strong>Administrator danych osobowych:&nbsp;<\/strong><\/p>\n                    <p><strong>Ratownictwo Wodne Sp. z o.o.<\/strong>, ul. Dolina 5B\/19, 61-551 Pozna\u0144, NIP: 7831843762, Tel. 695 782 045, biuro@ratownictwo-wodne.com<\/p>\n                    <p>W sprawach zwi\u0105zanych z ochron\u0105 danych prosimy o kontakt na podane powy\u017cej dane.<\/p>\n                    <p><strong>Cel, podstawa prawna i okres przetwarzania:<\/strong><\/p>\n                    <ul>\n                      <li><strong>Kontakt i zapewnienie prawid\u0142owej realizacji umowy<\/strong> &#8211; Przetwarzanie niezb\u0119dne jest do wykonania umowy lub podj\u0119cia dzia\u0142a\u0144 przed zawarciem umowy&nbsp;(art. 6 ust. 1 lit. b) RODO) &#8211; od momentu nawi\u0105zania kontaktu oraz\n                        przez okres obowi\u0105zywania umowy.<\/li>\n                      <li><strong>Ewentualne ustalenie, dochodzenie roszcze\u0144 lub obrona przed roszczeniami<\/strong> &#8211; Podstaw\u0105 prawn\u0105 przetwarzania jest prawnie uzasadniony interes Administratora (art. 6 ust. 1 lit. f) RODO) &#8211; Up\u0142yw okresu przedawnienia roszcze\u0144\n                        tj. 6 lat od ko\u0144ca roku obrachunkowego, w kt\u00f3rym wystawiono ostatni\u0105 faktur\u0119 (B2C) b\u0105d\u017a 3 lata od ko\u0144ca roku obrachunkowego, w kt\u00f3rym wystawiono ostatni\u0105 faktur\u0119 (B2B).<\/li>\n                      <li><strong>Umo\u017cliwienie przesy\u0142ania dokument\u00f3w w formie elektronicznej<\/strong> &#8211; faktura &#8211; Podstaw\u0105 prawn\u0105 przetwarzania jest zgoda (art. 6 ust. 1 lit. a oraz c ) RODO &#8211; Przez okres realizacji us\u0142ugi , jednak nie p\u00f3\u017aniej ni\u017c do czasu\n                        wycofania uprzednio wyra\u017conej zgody.<\/li>\n                      <li><strong>Przeprowadzenie obecnego post\u0119powania rekrutacyjnego:<\/strong><\/li>\n                      <li class=\"ql-indent-1\">Przetwarzanie niezb\u0119dne jest do wykonania umowy lub podj\u0119cia dzia\u0142a\u0144 przed zawarciem umowy (art. 6 ust. 1 lit. b) RODO).<\/li>\n                      <li class=\"ql-indent-1\">Przetwarzanie niezb\u0119dne jest do wype\u0142nienia obowi\u0105zku prawnego (art. 6 ust. 1 lit. c) RODO).<\/li>\n                      <li class=\"ql-indent-1\">Podstaw\u0105 prawn\u0105 przetwarzania jest dobrowolnie wyra\u017cona zgoda (art. 6 ust. 1 lit. a) RODO i art. 9 ust. 2 lit. a) RODO).<\/li>\n                      <li class=\"ql-indent-1\">do momentu zako\u0144czenia rekrutacji.\u200b<\/li>\n                      <li><strong>\u200bPrzeprowadzenie przysz\u0142ego post\u0119powania rekrutacyjnego <\/strong>&#8211; Podstaw\u0105 prawn\u0105 przetwarzania jest dobrowolnie wyra\u017cona zgoda (art. 6 ust. 1 lit. a) RODO i art. 9 ust. 2 lit. a) RODO) &#8211; Przez okres maksymalnie 12 miesi\u0119cy,\n                        jednak nie p\u00f3\u017aniej ni\u017c do czasu wycofania uprzednio wyra\u017conej zgody.<\/li>\n                      <li><strong>Realizacja stosunku pracy \u0142\u0105cz\u0105cego Pani\u0105\/Pana z Administratorem<\/strong> &#8211; Przetwarzanie niezb\u0119dne jest do wykonania umowy zgodnie z wymogami prawnymi (art. 6 ust. 1 lit. b i c) RODO). Natomiast w zakresie danych osobowych\n                        nie wymaganych przepisami prawa \u2013 podstaw\u0105 prawn\u0105 przetwarzania jest dobrowolna zgoda (art. 6 ust. 1 lit. a) RODO lub art. 9 ust. 2 lit. a) RODO) &#8211; Przez okres trwania umowy o prac\u0119.<\/li>\n                      <li><strong>Prowadzenie dokumentacji ksi\u0119gowo \u2013 podatkowej<\/strong> &#8211; Przetwarzanie niezb\u0119dne jest do wype\u0142nienia obowi\u0105zku prawnego (art. 6 ust. 1 lit. c) RODO) &#8211; 5 lat od ko\u0144ca roku obrachunkowego, w kt\u00f3rym wystawiono ostatni\u0105 faktur\u0119.<\/li>\n                      <li><strong>Udzielanie odpowiedzi na pytania przes\u0142ane za pomoc\u0105 poczty elektronicznej<\/strong> &#8211; Art. 6 ust. 1 lit. f) RODO \u2013 uzasadniony interes ADO &#8211; do momentu udzielenia odpowiedzi na przes\u0142ane zapytanie, maksymalnie 12 miesi\u0119cy.<\/li>\n                      <li><strong>W celu dokonania weryfikacji w Rejestrze Sprawc\u00f3w Przest\u0119pstw na Tle Seksualnym<\/strong> zgodnie z art. 21 ustawy z dnia 13 maja 2016 roku o przeciwdzia\u0142aniu zagro\u017ceniom przest\u0119pczo\u015bci\u0105 na tle seksualnym i ochronie ma\u0142oletnich\n                        (Dz.U.2023.1304 t.j.), na podstawie art. 6 ust. 1 lit. c RODO (przetwarzanie jest niezb\u0119dne do wype\u0142nienia obowi\u0105zku prawnego ci\u0105\u017c\u0105cego na administratorze).<\/li>\n                    <\/ul>\n                    <p>Je\u015bli pojawi si\u0119 inny cel ni\u017c wymieniony powy\u017cej, przeka\u017cemy Pa\u0144stwu odpowiednie informacje bezpo\u015brednio w formularzu lub przy pierwszej czynno\u015bci skierowanej do Pa\u0144stwa.<\/p>\n                    <p><strong>Odbiorcy danych<\/strong><\/p>\n                    <p>Dane mog\u0105 zosta\u0107:<\/p>\n                    <ul>\n                      <li>powierzone partnerom technologicznym, czyli podmiotom \u015bwiadcz\u0105cym us\u0142ugi takie jak hosting, wysy\u0142ka e-maili oraz \u015bwiadcz\u0105cym us\u0142ugi statystyczne, obs\u0142ug\u0119 portali spo\u0142eczno\u015bciowych oraz us\u0142ugi rozwoju i utrzymania oprogramowania;<\/li>\n                      <li>udost\u0119pnione podmiotom, dla kt\u00f3rych realizowane s\u0105 us\u0142ugi wykonywane przez Administratora.<\/li>\n                      <li>udost\u0119pnione organom prawa i administracji publicznej w przypadkach prawnie uzasadnionych.<\/li>\n                    <\/ul>\n                    <p><strong>Prawa zwi\u0105zane z przetwarzaniem danych osobowych:<\/strong><\/p>\n                    <ul>\n                      <li><strong>Je\u017celi podstaw\u0105 prawn\u0105 jest art. 6 ust. 1 lit. a) lub b) RODO:<\/strong> prawo dost\u0119pu do tre\u015bci danych , prawo do sprostowania danych, prawo do usuni\u0119cia danych (prawo do bycia zapomnianym), prawo do ograniczenia przetwarzania\n                        danych, prawo do przenoszenia danych&nbsp;<\/li>\n                      <li><strong>Je\u017celi podstaw\u0105 prawn\u0105 jest art. 6 ust. 1 lit. c) RODO:<\/strong> prawo dost\u0119pu do tre\u015bci danych, prawo do sprostowania danych, prawo do ograniczenia przetwarzania danych&nbsp;<\/li>\n                      <li><strong>Je\u017celi podstaw\u0105 prawn\u0105 jest art. 6 ust. 1 lit e) lub f) RODO:<\/strong> prawo dost\u0119pu do tre\u015bci danych, prawo do sprostowania danych, prawo do usuni\u0119cia danych (prawo do bycia zapomnianym), prawo do ograniczenia przetwarzania\n                        danych, prawo do sprzeciwu wobec przetwarzania danych&nbsp;<\/li>\n                      <li><strong>Prawo do cofni\u0119cia zgody:<\/strong> Je\u017celi przetwarzanie odbywa si\u0119, na podstawie Pa\u0144stwa zgody (art. 6 ust. 1 lit. a) RODO) dane b\u0119dziemy przetwarza\u0107 do momentu jej wycofania. Zgod\u0119 mo\u017cna wycofa\u0107 w ka\u017cdej chwili, przesy\u0142aj\u0105c\n                        wiadomo\u015b\u0107 e-mail na adres wskazany powy\u017cej lub osobi\u015bcie w siedzibie Administratora. Cofni\u0119cie zgody nie ma wp\u0142ywu na zgodno\u015b\u0107 z prawem przetwarzania, kt\u00f3rego dokonano na podstawie zgody przed jej cofni\u0119ciem. Po wycofaniu zgody\n                        dane przetwarzane b\u0119d\u0105 w celu ochrony przed roszczeniami (art. 6 ust. 1 lit. f RODO), przez okres 3 lat.&nbsp;<\/li>\n                      <li><strong>Prawo wniesienia skargi do organu nadzorczego:<\/strong> W przypadku stwierdzenia narusze\u0144 ze strony Administratora, co do bezpiecze\u0144stwa przetwarzania tych danych, istnieje mo\u017cliwo\u015b\u0107 wniesienia skargi do organu nadzorczego\n                        zajmuj\u0105cego si\u0119 ochron\u0105 danych osobowych. Aktualny adres organu nadzorczego to: Prezes Urz\u0119du Ochrony Danych Osobowych, ul. Stawki 2, 00-193 Warszawa.<\/li>\n                    <\/ul>\n                    <p>\n                      <br>\n                    <\/p>\n                  <\/div>\n                <\/div>\n              <\/div>\n            <\/div>\n          <\/div>\n        <\/div>\n      <\/div>\n      <div data-colibri-id=\"1235-c6\" class=\"h-row-container gutters-row-lg-2 gutters-row-md-2 gutters-row-0 gutters-row-v-lg-2 gutters-row-v-md-2 gutters-row-v-2 style-827 style-local-1235-c6 position-relative\">\n        <!---->\n        <div class=\"h-row justify-content-lg-center justify-content-md-center justify-content-center align-items-lg-stretch align-items-md-stretch align-items-stretch gutters-col-lg-2 gutters-col-md-2 gutters-col-0 gutters-col-v-lg-2 gutters-col-v-md-2 gutters-col-v-2\">\n          <!---->\n          <div class=\"h-column h-column-container d-flex h-col-lg-auto h-col-md-auto h-col-auto style-828-outer style-local-1235-c7-outer\">\n            <div data-colibri-id=\"1235-c7\" class=\"d-flex h-flex-basis h-column__inner h-ui-empty-state-container h-px-lg-2 h-px-md-2 h-px-2 v-inner-lg-2 v-inner-md-2 v-inner-2 style-828 style-local-1235-c7 position-relative\">\n              <!---->\n              <!---->\n              <div class=\"w-100 h-y-container h-column__content h-column__v-align flex-basis-100\">\n                <!---->\n              <\/div>\n            <\/div>\n          <\/div>\n        <\/div>\n      <\/div>\n    <\/div>\n  <\/div>\n<\/div>","protected":false},"excerpt":{"rendered":"<p>Administrator danych osobowych:&nbsp; Ratownictwo Wodne Sp. z o.o., ul. Dolina 5B\/19, 61-551 Pozna\u0144, NIP: 7831843762, Tel. 695 782 045, biuro@ratownictwo-wodne.com W sprawach zwi\u0105zanych z ochron\u0105 danych prosimy o kontakt na podane powy\u017cej dane. Cel, podstawa prawna i okres przetwarzania: Kontakt i zapewnienie prawid\u0142owej realizacji umowy &#8211; Przetwarzanie niezb\u0119dne jest do wykonania umowy lub podj\u0119cia dzia\u0142a\u0144 [&hellip;]<\/p>\n","protected":false},"author":1,"featured_media":0,"parent":0,"menu_order":0,"comment_status":"closed","ping_status":"closed","template":"page-templates\/full-width-page.php","meta":{"footnotes":""},"class_list":["post-1235","page","type-page","status-publish","hentry"],"_links":{"self":[{"href":"https:\/\/www.ratownictwo-wodne.com\/index.php\/wp-json\/wp\/v2\/pages\/1235","targetHints":{"allow":["GET"]}}],"collection":[{"href":"https:\/\/www.ratownictwo-wodne.com\/index.php\/wp-json\/wp\/v2\/pages"}],"about":[{"href":"https:\/\/www.ratownictwo-wodne.com\/index.php\/wp-json\/wp\/v2\/types\/page"}],"author":[{"embeddable":true,"href":"https:\/\/www.ratownictwo-wodne.com\/index.php\/wp-json\/wp\/v2\/users\/1"}],"replies":[{"embeddable":true,"href":"https:\/\/www.ratownictwo-wodne.com\/index.php\/wp-json\/wp\/v2\/comments?post=1235"}],"version-history":[{"count":4,"href":"https:\/\/www.ratownictwo-wodne.com\/index.php\/wp-json\/wp\/v2\/pages\/1235\/revisions"}],"predecessor-version":[{"id":1468,"href":"https:\/\/www.ratownictwo-wodne.com\/index.php\/wp-json\/wp\/v2\/pages\/1235\/revisions\/1468"}],"wp:attachment":[{"href":"https:\/\/www.ratownictwo-wodne.com\/index.php\/wp-json\/wp\/v2\/media?parent=1235"}],"curies":[{"name":"wp","href":"https:\/\/api.w.org\/{rel}","templated":true}]}}