{"id":285,"date":"2021-12-28T11:23:51","date_gmt":"2021-12-28T11:23:51","guid":{"rendered":"https:\/\/sub.ratownictwo-wodne.com\/?page_id=285"},"modified":"2022-03-04T11:13:13","modified_gmt":"2022-03-04T11:13:13","slug":"audyty-bezpieczenstwa","status":"publish","type":"page","link":"https:\/\/www.ratownictwo-wodne.com\/index.php\/audyty-bezpieczenstwa\/","title":{"rendered":"Audyty bezpiecze\u0144stwa"},"content":{"rendered":"<div data-colibri-id=\"285-c1\" class=\"style-449 style-local-285-c1 position-relative\">\n  <!---->\n  <div data-colibri-component=\"section\" data-colibri-id=\"285-c2\" id=\"overlappable\" class=\"h-section h-section-global-spacing d-flex align-items-lg-center align-items-md-center align-items-center style-563 style-local-285-c2 position-relative\">\n    <!---->\n    <!---->\n    <div class=\"h-section-grid-container h-section-boxed-container\">\n      <!---->\n      <div data-colibri-id=\"285-c3\" class=\"h-row-container gutters-row-lg-0 gutters-row-md-0 gutters-row-2 gutters-row-v-lg-0 gutters-row-v-md-0 gutters-row-v-2 style-564 style-local-285-c3 position-relative\">\n        <!---->\n        <div class=\"h-row justify-content-lg-center justify-content-md-center justify-content-center align-items-lg-stretch align-items-md-stretch align-items-stretch gutters-col-lg-0 gutters-col-md-0 gutters-col-2 gutters-col-v-lg-0 gutters-col-v-md-0 gutters-col-v-2\">\n          <!---->\n          <div class=\"h-column h-column-container d-flex h-col-lg-3 h-col-md-3 h-col-12 style-565-outer style-local-285-c4-outer\">\n            <div data-colibri-id=\"285-c4\" class=\"d-flex h-flex-basis h-column__inner h-px-lg-3 h-px-md-3 h-px-2 v-inner-lg-3 v-inner-md-3 v-inner-2 style-565 style-local-285-c4 position-relative\">\n              <!---->\n              <!---->\n              <div class=\"w-100 h-y-container h-column__content h-column__v-align flex-basis-100 align-self-lg-center align-self-md-center align-self-center\">\n                <!---->\n                <div data-colibri-id=\"285-c5\" class=\"h-icon style-566 style-local-285-c5 position-relative h-element\">\n                  <!----><span class=\"h-svg-icon h-icon__icon style-566-icon style-local-285-c5-icon\"><!--Icon by Font Awesome (https:\/\/fontawesome.com)--><svg version=\"1.1\" xmlns=\"http:\/\/www.w3.org\/2000\/svg\" xmlns:xlink=\"http:\/\/www.w3.org\/1999\/xlink\" id=\"paper-plane\" viewBox=\"0 0 1792.0013 1896.0833\"><path d=\"M1764 11q33 24 27 64l-256 1536q-5 29-32 45-14 8-31 8-11 0-24-5l-453-185-242 295q-18 23-49 23-13 0-22-4-19-7-30.5-23.5T640 1728v-349l864-1059-1069 925-395-162q-37-14-40-55-2-40 32-59L1696 9q15-9 32-9 20 0 36 11z\"><\/path><\/svg><\/span><\/div>\n                <div\n                  data-colibri-id=\"285-c6\" class=\"h-global-transition-all h-heading style-567 style-local-285-c6 position-relative h-element\">\n                  <!---->\n                  <div class=\"h-heading__outer style-567 style-local-285-c6\">\n                    <!---->\n                    <!---->\n                    <h5 class=\"\">wizja lokalna<\/h5>\n                  <\/div>\n              <\/div>\n            <\/div>\n          <\/div>\n        <\/div>\n        <div class=\"h-column h-column-container d-flex h-col-lg-3 h-col-md-3 h-col-12 style-565-outer style-local-285-c7-outer\">\n          <div data-colibri-id=\"285-c7\" class=\"d-flex h-flex-basis h-column__inner h-px-lg-3 h-px-md-3 h-px-2 v-inner-lg-3 v-inner-md-3 v-inner-2 style-565 style-local-285-c7 position-relative\">\n            <!---->\n            <!---->\n            <div class=\"w-100 h-y-container h-column__content h-column__v-align flex-basis-100 align-self-lg-center align-self-md-center align-self-center\">\n              <!---->\n              <div data-colibri-id=\"285-c8\" class=\"h-icon style-566 style-local-285-c8 position-relative h-element\">\n                <!----><span class=\"h-svg-icon h-icon__icon style-566-icon style-local-285-c8-icon\"><!--Icon by Font Awesome (https:\/\/fontawesome.com)--><svg version=\"1.1\" xmlns=\"http:\/\/www.w3.org\/2000\/svg\" xmlns:xlink=\"http:\/\/www.w3.org\/1999\/xlink\" id=\"signal\" viewBox=\"0 0 1792 1896.0833\"><path d=\"M256 1440v192q0 14-9 23t-23 9H32q-14 0-23-9t-9-23v-192q0-14 9-23t23-9h192q14 0 23 9t9 23zm384-128v320q0 14-9 23t-23 9H416q-14 0-23-9t-9-23v-320q0-14 9-23t23-9h192q14 0 23 9t9 23zm384-256v576q0 14-9 23t-23 9H800q-14 0-23-9t-9-23v-576q0-14 9-23t23-9h192q14 0 23 9t9 23zm384-384v960q0 14-9 23t-23 9h-192q-14 0-23-9t-9-23V672q0-14 9-23t23-9h192q14 0 23 9t9 23zm384-512v1472q0 14-9 23t-23 9h-192q-14 0-23-9t-9-23V160q0-14 9-23t23-9h192q14 0 23 9t9 23z\"><\/path><\/svg><\/span><\/div>\n              <div\n                data-colibri-id=\"285-c9\" class=\"h-global-transition-all h-heading style-567 style-local-285-c9 position-relative h-element\">\n                <!---->\n                <div class=\"h-heading__outer style-567 style-local-285-c9\">\n                  <!---->\n                  <!---->\n                  <h5 class=\"\">Analiza<\/h5>\n                <\/div>\n            <\/div>\n          <\/div>\n        <\/div>\n      <\/div>\n      <div class=\"h-column h-column-container d-flex h-col-lg-3 h-col-md-3 h-col-12 style-565-outer style-local-285-c10-outer\">\n        <div data-colibri-id=\"285-c10\" class=\"d-flex h-flex-basis h-column__inner h-px-lg-3 h-px-md-3 h-px-2 v-inner-lg-3 v-inner-md-3 v-inner-2 style-565 style-local-285-c10 position-relative\">\n          <!---->\n          <!---->\n          <div class=\"w-100 h-y-container h-column__content h-column__v-align flex-basis-100 align-self-lg-center align-self-md-center align-self-center\">\n            <!---->\n            <div data-colibri-id=\"285-c11\" class=\"h-icon style-584 style-local-285-c11 position-relative h-element\">\n              <!----><span class=\"h-svg-icon h-icon__icon style-584-icon style-local-285-c11-icon\"><!--Icon by Font Awesome (https:\/\/fontawesome.com)--><svg version=\"1.1\" xmlns=\"http:\/\/www.w3.org\/2000\/svg\" xmlns:xlink=\"http:\/\/www.w3.org\/1999\/xlink\" id=\"copy\" viewBox=\"0 0 1792 1896.0833\"><path d=\"M1696 384q40 0 68 28t28 68v1216q0 40-28 68t-68 28H736q-40 0-68-28t-28-68v-288H96q-40 0-68-28t-28-68V640q0-40 20-88t48-76L476 68q28-28 76-48t88-20h416q40 0 68 28t28 68v328q68-40 128-40h416zm-544 213L853 896h299V597zM512 213L213 512h299V213zm196 647l316-316V128H640v416q0 40-28 68t-68 28H128v640h512v-256q0-40 20-88t48-76zm956 804V512h-384v416q0 40-28 68t-68 28H768v640h896z\"><\/path><\/svg><\/span><\/div>\n            <div\n              data-colibri-id=\"285-c12\" class=\"h-global-transition-all h-heading style-567 style-local-285-c12 position-relative h-element\">\n              <!---->\n              <div class=\"h-heading__outer style-567 style-local-285-c12\">\n                <!---->\n                <!---->\n                <h5 class=\"\">zalecenia<\/h5>\n              <\/div>\n          <\/div>\n        <\/div>\n      <\/div>\n    <\/div>\n    <div class=\"h-column h-column-container d-flex h-col-lg-3 h-col-md-3 h-col-12 style-569-outer style-local-285-c13-outer\">\n      <div data-colibri-id=\"285-c13\" class=\"d-flex h-flex-basis h-column__inner h-px-lg-3 h-px-md-3 h-px-2 v-inner-lg-3 v-inner-md-3 v-inner-2 style-569 style-local-285-c13 position-relative\">\n        <!---->\n        <!---->\n        <div class=\"w-100 h-y-container h-column__content h-column__v-align flex-basis-100 align-self-lg-center align-self-md-center align-self-center\">\n          <!---->\n          <div data-colibri-id=\"285-c14\" class=\"h-icon style-566 style-local-285-c14 position-relative h-element\">\n            <!----><span class=\"h-svg-icon h-icon__icon style-566-icon style-local-285-c14-icon\"><!--Icon by Font Awesome (https:\/\/fontawesome.com)--><svg version=\"1.1\" xmlns=\"http:\/\/www.w3.org\/2000\/svg\" xmlns:xlink=\"http:\/\/www.w3.org\/1999\/xlink\" id=\"medkit\" viewBox=\"0 0 1792 1896.0833\"><path d=\"M1280 1120V928q0-14-9-23t-23-9h-224V672q0-14-9-23t-23-9H800q-14 0-23 9t-9 23v224H544q-14 0-23 9t-9 23v192q0 14 9 23t23 9h224v224q0 14 9 23t23 9h192q14 0 23-9t9-23v-224h224q14 0 23-9t9-23zM640 384h512V256H640v128zm-384 0v1280h-32q-92 0-158-66T0 1440V608q0-92 66-158t158-66h32zm1184 0v1280H352V384h160V224q0-40 28-68t68-28h576q40 0 68 28t28 68v160h160zm352 224v832q0 92-66 158t-158 66h-32V384h32q92 0 158 66t66 158z\"><\/path><\/svg><\/span><\/div>\n          <div\n            data-colibri-id=\"285-c15\" class=\"h-global-transition-all h-heading style-567 style-local-285-c15 position-relative h-element\">\n            <!---->\n            <div class=\"h-heading__outer style-567 style-local-285-c15\">\n              <!---->\n              <!---->\n              <h5 class=\"\">Bezpiecze\u0144stwo<\/h5>\n            <\/div>\n        <\/div>\n      <\/div>\n    <\/div>\n  <\/div>\n<\/div>\n<\/div>\n<\/div>\n<\/div>\n<div data-colibri-component=\"section\" data-colibri-id=\"285-c16\" id=\"custom\" class=\"h-section h-section-global-spacing d-flex align-items-lg-center align-items-md-center align-items-center style-450 style-local-285-c16 position-relative\">\n  <!---->\n  <!---->\n  <div class=\"h-section-grid-container h-section-boxed-container\">\n    <!---->\n    <div data-colibri-id=\"285-c17\" class=\"h-row-container gutters-row-lg-2 gutters-row-md-2 gutters-row-0 gutters-row-v-lg-2 gutters-row-v-md-2 gutters-row-v-2 style-451 style-local-285-c17 position-relative\">\n      <!---->\n      <div class=\"h-row justify-content-lg-center justify-content-md-center justify-content-center align-items-lg-stretch align-items-md-stretch align-items-stretch gutters-col-lg-2 gutters-col-md-2 gutters-col-0 gutters-col-v-lg-2 gutters-col-v-md-2 gutters-col-v-2\">\n        <!---->\n        <div class=\"h-column h-column-container d-flex h-col-lg-auto h-col-md-auto h-col-auto style-452-outer style-local-285-c18-outer\">\n          <div data-colibri-id=\"285-c18\" class=\"d-flex h-flex-basis h-column__inner h-px-lg-2 h-px-md-2 h-px-2 v-inner-lg-2 v-inner-md-2 v-inner-2 style-452 style-local-285-c18 position-relative\">\n            <!---->\n            <!---->\n            <div class=\"w-100 h-y-container h-column__content h-column__v-align flex-basis-100 align-self-lg-start align-self-md-start align-self-start\">\n              <!---->\n              <div data-colibri-id=\"285-c19\" class=\"h-text h-text-component style-453 style-local-285-c19 position-relative h-element\">\n                <!---->\n                <!---->\n                <div class=\"\">\n                  <p>&#8222;Analizy zagro\u017ce\u0144&#8221;: zgodnie z Art. 4. 1. ustawy o bezpiecze\u0144stwie os\u00f3b przebywaj\u0105cych na obszarach wodnych z 18.08.2011 Ratownictwo Wodne sp. z o.o prowadzi us\u0142ugi wykonawcze w zakresie wykonywania analiz zagro\u017ce\u0144 na p\u0142ywalniach, k\u0105pieliskach\n                    \u015br\u00f3dl\u0105dowych, morskich. Wykonujemy pomiary i szkolenia a tak\u017ce dokonujemy wizji lokalnej obiekt\u00f3w po czym tworzymy wnikliw\u0105 analiz\u0119 stanu obecnego, wyznaczaj\u0105c stosowne zalecenia w taki spos\u00f3b by najlepiej zabezpieczy\u0107 oceniany obiekt.\n                    <\/p>\n                  <p>Wykorzystujemy zdobyt\u0105 wiedz\u0119 i do\u015bwiadczenia, a opiniuj\u0105cy swoj\u0105 analiz\u0119 opieraj\u0105 o aktualne akty prawne \u2013 ustawy i rozporz\u0105dzenia. <\/p>\n                  <p>Chcesz, aby Tw\u00f3j obiekt dzia\u0142a\u0142 w my\u015bl prawa i zgodnie z zasadami bezpiecze\u0144stwa? Zg\u0142o\u015b si\u0119 do nas! Doradzimy w spos\u00f3b profesjonalny, jak Tw\u00f3j obiekt mo\u017ce wej\u015b\u0107 na najwy\u017cszy poziom bezpiecze\u0144stwa \u015bwiadczonych us\u0142ug.<\/p>\n                <\/div>\n              <\/div>\n            <\/div>\n          <\/div>\n        <\/div>\n      <\/div>\n    <\/div>\n  <\/div>\n<\/div>\n<\/div>","protected":false},"excerpt":{"rendered":"<p>wizja lokalna Analiza zalecenia Bezpiecze\u0144stwo &#8222;Analizy zagro\u017ce\u0144&#8221;: zgodnie z Art. 4. 1. ustawy o bezpiecze\u0144stwie os\u00f3b przebywaj\u0105cych na obszarach wodnych z 18.08.2011 Ratownictwo Wodne sp. z o.o prowadzi us\u0142ugi wykonawcze w zakresie wykonywania analiz zagro\u017ce\u0144 na p\u0142ywalniach, k\u0105pieliskach \u015br\u00f3dl\u0105dowych, morskich. Wykonujemy pomiary i szkolenia a tak\u017ce dokonujemy wizji lokalnej obiekt\u00f3w po czym tworzymy wnikliw\u0105 analiz\u0119 [&hellip;]<\/p>\n","protected":false},"author":1,"featured_media":0,"parent":0,"menu_order":0,"comment_status":"closed","ping_status":"closed","template":"page-templates\/full-width-page.php","meta":{"footnotes":""},"class_list":["post-285","page","type-page","status-publish","hentry"],"_links":{"self":[{"href":"https:\/\/www.ratownictwo-wodne.com\/index.php\/wp-json\/wp\/v2\/pages\/285","targetHints":{"allow":["GET"]}}],"collection":[{"href":"https:\/\/www.ratownictwo-wodne.com\/index.php\/wp-json\/wp\/v2\/pages"}],"about":[{"href":"https:\/\/www.ratownictwo-wodne.com\/index.php\/wp-json\/wp\/v2\/types\/page"}],"author":[{"embeddable":true,"href":"https:\/\/www.ratownictwo-wodne.com\/index.php\/wp-json\/wp\/v2\/users\/1"}],"replies":[{"embeddable":true,"href":"https:\/\/www.ratownictwo-wodne.com\/index.php\/wp-json\/wp\/v2\/comments?post=285"}],"version-history":[{"count":1,"href":"https:\/\/www.ratownictwo-wodne.com\/index.php\/wp-json\/wp\/v2\/pages\/285\/revisions"}],"predecessor-version":[{"id":895,"href":"https:\/\/www.ratownictwo-wodne.com\/index.php\/wp-json\/wp\/v2\/pages\/285\/revisions\/895"}],"wp:attachment":[{"href":"https:\/\/www.ratownictwo-wodne.com\/index.php\/wp-json\/wp\/v2\/media?parent=285"}],"curies":[{"name":"wp","href":"https:\/\/api.w.org\/{rel}","templated":true}]}}