{"id":370,"date":"2022-01-28T08:39:35","date_gmt":"2022-01-28T08:39:35","guid":{"rendered":"https:\/\/sub.ratownictwo-wodne.com\/?page_id=370"},"modified":"2022-03-04T10:15:56","modified_gmt":"2022-03-04T10:15:56","slug":"pierwsza-pomoc","status":"publish","type":"page","link":"https:\/\/www.ratownictwo-wodne.com\/index.php\/pierwsza-pomoc\/","title":{"rendered":"Pierwsza Pomoc"},"content":{"rendered":"<div data-colibri-id=\"370-c1\" class=\"style-594 style-local-370-c1 position-relative\">\n  <!---->\n  <div data-colibri-component=\"section\" data-colibri-id=\"370-c2\" id=\"features\" class=\"h-section h-section-global-spacing d-flex align-items-lg-center align-items-md-center align-items-center style-598 style-local-370-c2 position-relative\">\n    <!---->\n    <!---->\n    <div class=\"h-section-grid-container h-section-boxed-container\">\n      <div data-colibri-id=\"370-c16\" class=\"h-row-container gutters-row-lg-2 gutters-row-md-2 gutters-row-2 gutters-row-v-lg-2 gutters-row-v-md-2 gutters-row-v-2 style-606 style-local-370-c16 position-relative\">\n        <!---->\n        <div class=\"h-row justify-content-lg-center justify-content-md-center justify-content-center align-items-lg-stretch align-items-md-stretch align-items-stretch gutters-col-lg-2 gutters-col-md-2 gutters-col-2 gutters-col-v-lg-2 gutters-col-v-md-2 gutters-col-v-2\">\n          <!---->\n          <div class=\"h-column h-column-container d-flex h-col-lg-auto h-col-md-auto h-col-auto style-607-outer style-local-370-c17-outer\">\n            <div data-colibri-id=\"370-c17\" class=\"d-flex h-flex-basis h-column__inner h-px-lg-2 h-px-md-2 h-px-2 v-inner-lg-2 v-inner-md-2 v-inner-2 style-607 style-local-370-c17 position-relative\">\n              <!---->\n              <!---->\n              <div class=\"w-100 h-y-container h-column__content h-column__v-align flex-basis-100 align-self-lg-start align-self-md-start align-self-start\">\n                <!---->\n                <div data-colibri-id=\"370-c18\" class=\"h-global-transition-all h-heading style-608 style-local-370-c18 position-relative h-element\">\n                  <!---->\n                  <div class=\"h-heading__outer style-608 style-local-370-c18\">\n                    <!---->\n                    <!---->\n                    <h3 class=\"\">Ten, kto ratuje \u017cycie jednego cz\u0142owieka, ratuje ca\u0142y \u015bwiat<\/h3>\n                  <\/div>\n                <\/div>\n              <\/div>\n            <\/div>\n          <\/div>\n        <\/div>\n      <\/div>\n      <div data-colibri-id=\"370-c3\" class=\"h-row-container gutters-row-lg-2 gutters-row-md-2 gutters-row-2 gutters-row-v-lg-2 gutters-row-v-md-2 gutters-row-v-2 style-599 style-local-370-c3 position-relative\">\n        <!---->\n        <div class=\"h-row justify-content-lg-center justify-content-md-center justify-content-center align-items-lg-stretch align-items-md-stretch align-items-stretch gutters-col-lg-2 gutters-col-md-2 gutters-col-2 gutters-col-v-lg-2 gutters-col-v-md-2 gutters-col-v-2\">\n          <!---->\n          <div class=\"h-column h-column-container d-flex h-col-lg-4 h-col-md-6 h-col-12 style-600-outer style-local-370-c4-outer\">\n            <div data-colibri-id=\"370-c4\" class=\"d-flex h-flex-basis h-column__inner h-px-lg-0 h-px-md-0 h-px-0 v-inner-lg-0 v-inner-md-0 v-inner-0 style-600 style-local-370-c4 position-relative\">\n              <!---->\n              <!---->\n              <div class=\"w-100 h-y-container h-column__content h-column__v-align flex-basis-100 align-self-lg-start align-self-md-start align-self-start\">\n                <!---->\n                <div data-colibri-id=\"370-c5\" class=\"d-block style-601 style-local-370-c5 position-relative h-element\">\n                  <!---->\n                  <div class=\"h-image__frame-container-outer\">\n                    <div class=\"h-image__frame-container\">\n                      <!---->\n                      <!---->\n                      <img decoding=\"async\" src=\"https:\/\/sub.ratownictwo-wodne.com\/wp-content\/uploads\/2022\/03\/PHOTO-2022-02-23-16-33-18.jpg\" class=\"style-601-image style-local-370-c5-image\">\n                      <div class=\"h-image__frame h-hide-lg h-hide-md h-hide-sm style-601-frameImage style-local-370-c5-frameImage\"><\/div>\n                    <\/div>\n                  <\/div>\n                <\/div>\n                <div data-colibri-id=\"370-c6\" class=\"h-global-transition-all h-heading style-602 style-local-370-c6 position-relative h-element\">\n                  <!---->\n                  <div class=\"h-heading__outer style-602 style-local-370-c6\">\n                    <!---->\n                    <!---->\n                    <h4 class=\"\">Kwalifikowana Pierwsza Pomoc (KPP)<\/h4>\n                  <\/div>\n                <\/div>\n                <div data-colibri-id=\"370-c7\" class=\"h-text h-text-component style-603 style-local-370-c7 position-relative h-element\">\n                  <!---->\n                  <!---->\n                  <div class=\"\">\n                    <p>Najbardziej zaawansowany kurs w zakresie ratowania \u017cycia i zdrowia, jaki mo\u017ce uko\u0144czy\u0107 osoba bez wykszta\u0142cenia medycznego. <\/p>\n                    <p>Zakres szkolenia realizowany jest na podstawie rozporz\u0105dzenia Dz. U. z 2021 r. poz. 411 i pozwala uzyska\u0107 tytu\u0142 &#8222;Ratownika&#8221;.\n                      <br>\n                    <\/p>\n                  <\/div>\n                <\/div>\n              <\/div>\n            <\/div>\n          <\/div>\n          <div class=\"h-column h-column-container d-flex h-col-lg-4 h-col-md-6 h-col-12 style-600-outer style-local-370-c8-outer\">\n            <div data-colibri-id=\"370-c8\" class=\"d-flex h-flex-basis h-column__inner h-px-lg-0 h-px-md-0 h-px-0 v-inner-lg-0 v-inner-md-0 v-inner-0 style-600 style-local-370-c8 position-relative\">\n              <!---->\n              <!---->\n              <div class=\"w-100 h-y-container h-column__content h-column__v-align flex-basis-100 align-self-lg-start align-self-md-start align-self-start\">\n                <!---->\n                <div data-colibri-id=\"370-c9\" class=\"d-block style-601 style-local-370-c9 position-relative h-element\">\n                  <!---->\n                  <div class=\"h-image__frame-container-outer\">\n                    <div class=\"h-image__frame-container\">\n                      <!---->\n                      <!---->\n                      <img decoding=\"async\" src=\"https:\/\/sub.ratownictwo-wodne.com\/wp-content\/uploads\/2022\/02\/cropped-IMG_8475-removebg-preview-1-300x278.png\" class=\"style-601-image style-local-370-c9-image\">\n                      <div class=\"h-image__frame h-hide-lg h-hide-md h-hide-sm style-601-frameImage style-local-370-c9-frameImage\"><\/div>\n                    <\/div>\n                  <\/div>\n                <\/div>\n                <div data-colibri-id=\"370-c10\" class=\"h-global-transition-all h-heading style-602 style-local-370-c10 position-relative h-element\">\n                  <!---->\n                  <div class=\"h-heading__outer style-602 style-local-370-c10\">\n                    <!---->\n                    <!---->\n                    <h4 class=\"\">Pierwsza pomoc<\/h4>\n                  <\/div>\n                <\/div>\n                <div data-colibri-id=\"370-c11\" class=\"h-text h-text-component style-603 style-local-370-c11 position-relative h-element\">\n                  <!---->\n                  <!---->\n                  <div class=\"\">\n                    <p>Prowadzimy szkolenia w zakresie pierwszej pomocy przedmedycznej dla ka\u017cdej grupy wiekowej dzieci, m\u0142odzie\u017c, doro\u015bli. <\/p>\n                    <p>Po uko\u0144czeniu kursu uczestnicy otrzymuj\u0105 certyfikaty.\n                      <br>\n                    <\/p>\n                  <\/div>\n                <\/div>\n              <\/div>\n            <\/div>\n          <\/div>\n          <div class=\"h-column h-column-container d-flex h-col-lg-4 h-col-md-6 h-col-12 style-600-outer style-local-370-c12-outer\">\n            <div data-colibri-id=\"370-c12\" class=\"d-flex h-flex-basis h-column__inner h-px-lg-0 h-px-md-0 h-px-0 v-inner-lg-0 v-inner-md-0 v-inner-0 style-600 style-local-370-c12 position-relative\">\n              <!---->\n              <!---->\n              <div class=\"w-100 h-y-container h-column__content h-column__v-align flex-basis-100 align-self-lg-start align-self-md-start align-self-start\">\n                <!---->\n                <div data-colibri-id=\"370-c13\" class=\"d-block style-601 style-local-370-c13 position-relative h-element\">\n                  <!---->\n                  <div class=\"h-image__frame-container-outer\">\n                    <div class=\"h-image__frame-container\">\n                      <!---->\n                      <!---->\n                      <img loading=\"lazy\" decoding=\"async\" width=\"375\" height=\"282\" src=\"https:\/\/sub.ratownictwo-wodne.com\/wp-content\/uploads\/2022\/02\/cropped-IMG_8683-removebg-preview.png\" class=\"wp-image-722 style-601-image style-local-370-c13-image\" alt=\"\" srcset=\"https:\/\/www.ratownictwo-wodne.com\/wp-content\/uploads\/2022\/02\/cropped-IMG_8683-removebg-preview.png 375w, https:\/\/www.ratownictwo-wodne.com\/wp-content\/uploads\/2022\/02\/cropped-IMG_8683-removebg-preview-300x226.png 300w\" sizes=\"auto, (max-width: 375px) 100vw, 375px\" \/>\n                      <div class=\"h-image__frame h-hide-lg h-hide-md h-hide-sm style-601-frameImage style-local-370-c13-frameImage\"><\/div>\n                    <\/div>\n                  <\/div>\n                <\/div>\n                <div data-colibri-id=\"370-c14\" class=\"h-global-transition-all h-heading style-602 style-local-370-c14 position-relative h-element\">\n                  <!---->\n                  <div class=\"h-heading__outer style-602 style-local-370-c14\">\n                    <!---->\n                    <!---->\n                    <h4 class=\"\">Gogle VR<\/h4>\n                  <\/div>\n                <\/div>\n                <div data-colibri-id=\"370-c15\" class=\"h-text h-text-component style-603 style-local-370-c15 position-relative h-element\">\n                  <!---->\n                  <!---->\n                  <div class=\"\">\n                    <p>Pierwsza pomoc i BHP w wirtualnej rzeczywisto\u015bci. Gogle odzwierciedlaj\u0105 rzeczywist\u0105 sytuacj\u0119 zagro\u017cenia \u017cycia. <\/p>\n                    <p>Rozwi\u0105zanie idealne dla firm, kt\u00f3re nie mog\u0105 oddelegowa\u0107 pracownik\u00f3w na szkolenie w tym samym czasie.\n                      <br>\n                    <\/p>\n                  <\/div>\n                <\/div>\n              <\/div>\n            <\/div>\n          <\/div>\n        <\/div>\n      <\/div>\n    <\/div>\n  <\/div>\n<\/div>","protected":false},"excerpt":{"rendered":"<p>Ten, kto ratuje \u017cycie jednego cz\u0142owieka, ratuje ca\u0142y \u015bwiat Kwalifikowana Pierwsza Pomoc (KPP) Najbardziej zaawansowany kurs w zakresie ratowania \u017cycia i zdrowia, jaki mo\u017ce uko\u0144czy\u0107 osoba bez wykszta\u0142cenia medycznego. Zakres szkolenia realizowany jest na podstawie rozporz\u0105dzenia Dz. U. z 2021 r. poz. 411 i pozwala uzyska\u0107 tytu\u0142 &#8222;Ratownika&#8221;. Pierwsza pomoc Prowadzimy szkolenia w zakresie pierwszej [&hellip;]<\/p>\n","protected":false},"author":1,"featured_media":0,"parent":0,"menu_order":0,"comment_status":"closed","ping_status":"closed","template":"page-templates\/full-width-page.php","meta":{"footnotes":""},"class_list":["post-370","page","type-page","status-publish","hentry"],"_links":{"self":[{"href":"https:\/\/www.ratownictwo-wodne.com\/index.php\/wp-json\/wp\/v2\/pages\/370","targetHints":{"allow":["GET"]}}],"collection":[{"href":"https:\/\/www.ratownictwo-wodne.com\/index.php\/wp-json\/wp\/v2\/pages"}],"about":[{"href":"https:\/\/www.ratownictwo-wodne.com\/index.php\/wp-json\/wp\/v2\/types\/page"}],"author":[{"embeddable":true,"href":"https:\/\/www.ratownictwo-wodne.com\/index.php\/wp-json\/wp\/v2\/users\/1"}],"replies":[{"embeddable":true,"href":"https:\/\/www.ratownictwo-wodne.com\/index.php\/wp-json\/wp\/v2\/comments?post=370"}],"version-history":[{"count":2,"href":"https:\/\/www.ratownictwo-wodne.com\/index.php\/wp-json\/wp\/v2\/pages\/370\/revisions"}],"predecessor-version":[{"id":865,"href":"https:\/\/www.ratownictwo-wodne.com\/index.php\/wp-json\/wp\/v2\/pages\/370\/revisions\/865"}],"wp:attachment":[{"href":"https:\/\/www.ratownictwo-wodne.com\/index.php\/wp-json\/wp\/v2\/media?parent=370"}],"curies":[{"name":"wp","href":"https:\/\/api.w.org\/{rel}","templated":true}]}}