{"id":523,"date":"2022-02-14T08:04:19","date_gmt":"2022-02-14T08:04:19","guid":{"rendered":"https:\/\/sub.ratownictwo-wodne.com\/index.php\/pies-ratownik\/"},"modified":"2022-02-16T09:57:14","modified_gmt":"2022-02-16T09:57:14","slug":"pies-ratownik","status":"publish","type":"page","link":"https:\/\/www.ratownictwo-wodne.com\/index.php\/pies-ratownik\/","title":{"rendered":"Pies ratownik"},"content":{"rendered":"<div data-colibri-id=\"523-c1\" class=\"style-480 style-local-523-c1 position-relative\">\n  <!---->\n  <div data-colibri-component=\"section\" data-colibri-id=\"523-c2\" id=\"content\" class=\"h-section h-section-global-spacing d-flex align-items-lg-center align-items-md-center align-items-center style-484 style-local-523-c2 position-relative\">\n    <!---->\n    <!---->\n    <div class=\"h-section-grid-container h-section-boxed-container\">\n      <div data-colibri-id=\"523-c6\" class=\"h-row-container gutters-row-lg-2 gutters-row-md-2 gutters-row-2 gutters-row-v-lg-2 gutters-row-v-md-2 gutters-row-v-2 style-488 style-local-523-c6 position-relative\">\n        <!---->\n        <div class=\"h-row justify-content-lg-center justify-content-md-center justify-content-center align-items-lg-stretch align-items-md-stretch align-items-stretch gutters-col-lg-2 gutters-col-md-2 gutters-col-2 gutters-col-v-lg-2 gutters-col-v-md-2 gutters-col-v-2\">\n          <!---->\n          <div class=\"h-column h-column-container d-flex h-col-lg-auto h-col-md-auto h-col-auto style-489-outer style-local-523-c7-outer\">\n            <div data-colibri-id=\"523-c7\" class=\"d-flex h-flex-basis h-column__inner h-px-lg-2 h-px-md-2 h-px-0 v-inner-lg-2 v-inner-md-2 v-inner-0 style-489 style-local-523-c7 position-relative\">\n              <!---->\n              <!---->\n              <div class=\"w-100 h-y-container h-column__content h-column__v-align flex-basis-100 align-self-lg-start align-self-md-start align-self-start\">\n                <!---->\n                <div data-colibri-id=\"523-c8\" class=\"h-global-transition-all h-heading style-490 style-local-523-c8 position-relative h-element\">\n                  <!---->\n                  <div class=\"h-heading__outer style-490 style-local-523-c8\">\n                    <!---->\n                    <!---->\n                    <h3 class=\"\">Szkolenia z zakresu ratownictwa wodnego z wykorzystaniem psa ratowniczego.<\/h3>\n                  <\/div>\n                <\/div>\n                <div data-colibri-id=\"523-c9\" class=\"h-lead h-text h-text-component style-491 style-local-523-c9 position-relative h-element\">\n                  <!---->\n                  <!---->\n                  <div class=\"\">\n                    <p>&nbsp;W naszym podmiocie posiadamy dwa psiaki rasy Labrador: suczk\u0119 Fale i psa Rocky. Psy przesz\u0142y szkolenia z psiego przedszkola oraz pos\u0142usze\u0144stwa, aktualnie s\u0105 na etapie wdra\u017cania w elementy ratownictwa wodnego. W zwi\u0105zku z tym,\n                      \u017ce nasze pociechy maj\u0105 do\u015bwiadczenie w pracy z dzie\u0107mi zach\u0119camy do rezerwacji termin\u00f3w spotka\u0144 z &#8222;Psem ratownikiem&#8221;, gdzie wsp\u00f3lnie z ratownikami zostanie om\u00f3wiony spos\u00f3b pracy ps\u00f3w nad wod\u0105 oraz ich szkolenie a tak\u017ce przeprowadzimy\n                      prelekcje zwi\u0105zan\u0105 z bezpiecze\u0144stwem nad wod\u0105.<\/p>\n                  <\/div>\n                <\/div>\n              <\/div>\n            <\/div>\n          <\/div>\n        <\/div>\n      <\/div>\n      <div data-colibri-id=\"523-c3\" class=\"h-row-container gutters-row-lg-2 gutters-row-md-2 gutters-row-2 gutters-row-v-lg-2 gutters-row-v-md-2 gutters-row-v-2 style-485 style-local-523-c3 position-relative\">\n        <!---->\n        <div class=\"h-row justify-content-lg-center justify-content-md-center justify-content-center align-items-lg-stretch align-items-md-stretch align-items-stretch gutters-col-lg-2 gutters-col-md-2 gutters-col-2 gutters-col-v-lg-2 gutters-col-v-md-2 gutters-col-v-2\">\n          <!---->\n          <div class=\"h-column h-column-container d-flex h-col-lg-auto h-col-md-auto h-col-auto style-486-outer style-local-523-c4-outer\">\n            <div data-colibri-id=\"523-c4\" class=\"d-flex h-flex-basis h-column__inner h-px-lg-0 h-px-md-0 h-px-0 v-inner-lg-0 v-inner-md-0 v-inner-0 style-486 style-local-523-c4 position-relative\">\n              <!---->\n              <!---->\n              <div class=\"w-100 h-y-container h-column__content h-column__v-align flex-basis-100 align-self-lg-start align-self-md-start align-self-start\">\n                <!---->\n                <div data-colibri-id=\"523-c5\" class=\"d-block style-487 style-local-523-c5 position-relative h-element\">\n                  <!---->\n                  <div class=\"h-image__frame-container-outer\">\n                    <div class=\"h-image__frame-container\">\n                      <!---->\n                      <!---->\n                      <img loading=\"lazy\" decoding=\"async\" width=\"1535\" height=\"1240\" src=\"https:\/\/sub.ratownictwo-wodne.com\/wp-content\/uploads\/2022\/02\/cropped-Image-1.jpg\" class=\"wp-image-641 style-487-image style-local-523-c5-image\" alt=\"\" srcset=\"https:\/\/www.ratownictwo-wodne.com\/wp-content\/uploads\/2022\/02\/cropped-Image-1.jpg 1535w, https:\/\/www.ratownictwo-wodne.com\/wp-content\/uploads\/2022\/02\/cropped-Image-1-300x242.jpg 300w, https:\/\/www.ratownictwo-wodne.com\/wp-content\/uploads\/2022\/02\/cropped-Image-1-1024x827.jpg 1024w, https:\/\/www.ratownictwo-wodne.com\/wp-content\/uploads\/2022\/02\/cropped-Image-1-768x620.jpg 768w\" sizes=\"auto, (max-width: 1535px) 100vw, 1535px\" \/>\n                      <div class=\"h-image__frame style-487-frameImage style-local-523-c5-frameImage\"><\/div>\n                    <\/div>\n                  <\/div>\n                <\/div>\n              <\/div>\n            <\/div>\n          <\/div>\n          <div class=\"h-column h-column-container d-flex h-col-lg-auto h-col-md-auto h-col-auto style-610-outer style-local-523-c10-outer\">\n            <div data-colibri-id=\"523-c10\" class=\"d-flex h-flex-basis h-column__inner h-px-lg-2 h-px-md-2 h-px-2 v-inner-lg-2 v-inner-md-2 v-inner-2 style-610 style-local-523-c10 position-relative\">\n              <!---->\n              <!---->\n              <div class=\"w-100 h-y-container h-column__content h-column__v-align flex-basis-100 align-self-lg-start align-self-md-start align-self-start\">\n                <!---->\n                <div data-colibri-id=\"523-c12\" class=\"d-block style-612 style-local-523-c12 position-relative h-element\">\n                  <!---->\n                  <div class=\"h-image__frame-container-outer\">\n                    <div class=\"h-image__frame-container\">\n                      <!---->\n                      <!---->\n                      <img loading=\"lazy\" decoding=\"async\" width=\"2048\" height=\"1385\" src=\"https:\/\/sub.ratownictwo-wodne.com\/wp-content\/uploads\/2022\/02\/cropped-Image-11.jpg\" class=\"wp-image-756 style-612-image style-local-523-c12-image\" alt=\"\" srcset=\"https:\/\/www.ratownictwo-wodne.com\/wp-content\/uploads\/2022\/02\/cropped-Image-11.jpg 2048w, https:\/\/www.ratownictwo-wodne.com\/wp-content\/uploads\/2022\/02\/cropped-Image-11-300x203.jpg 300w, https:\/\/www.ratownictwo-wodne.com\/wp-content\/uploads\/2022\/02\/cropped-Image-11-1024x693.jpg 1024w, https:\/\/www.ratownictwo-wodne.com\/wp-content\/uploads\/2022\/02\/cropped-Image-11-768x519.jpg 768w, https:\/\/www.ratownictwo-wodne.com\/wp-content\/uploads\/2022\/02\/cropped-Image-11-1536x1039.jpg 1536w\" sizes=\"auto, (max-width: 2048px) 100vw, 2048px\" \/>\n                      <div class=\"h-image__frame h-hide-lg h-hide-md h-hide-sm style-612-frameImage style-local-523-c12-frameImage\"><\/div>\n                    <\/div>\n                  <\/div>\n                <\/div>\n              <\/div>\n            <\/div>\n          <\/div>\n        <\/div>\n      <\/div>\n    <\/div>\n  <\/div>\n<\/div>","protected":false},"excerpt":{"rendered":"<p>Szkolenia z zakresu ratownictwa wodnego z wykorzystaniem psa ratowniczego. &nbsp;W naszym podmiocie posiadamy dwa psiaki rasy Labrador: suczk\u0119 Fale i psa Rocky. Psy przesz\u0142y szkolenia z psiego przedszkola oraz pos\u0142usze\u0144stwa, aktualnie s\u0105 na etapie wdra\u017cania w elementy ratownictwa wodnego. W zwi\u0105zku z tym, \u017ce nasze pociechy maj\u0105 do\u015bwiadczenie w pracy z dzie\u0107mi zach\u0119camy do rezerwacji [&hellip;]<\/p>\n","protected":false},"author":1,"featured_media":0,"parent":0,"menu_order":0,"comment_status":"closed","ping_status":"closed","template":"page-templates\/full-width-page.php","meta":{"footnotes":""},"class_list":["post-523","page","type-page","status-publish","hentry"],"_links":{"self":[{"href":"https:\/\/www.ratownictwo-wodne.com\/index.php\/wp-json\/wp\/v2\/pages\/523","targetHints":{"allow":["GET"]}}],"collection":[{"href":"https:\/\/www.ratownictwo-wodne.com\/index.php\/wp-json\/wp\/v2\/pages"}],"about":[{"href":"https:\/\/www.ratownictwo-wodne.com\/index.php\/wp-json\/wp\/v2\/types\/page"}],"author":[{"embeddable":true,"href":"https:\/\/www.ratownictwo-wodne.com\/index.php\/wp-json\/wp\/v2\/users\/1"}],"replies":[{"embeddable":true,"href":"https:\/\/www.ratownictwo-wodne.com\/index.php\/wp-json\/wp\/v2\/comments?post=523"}],"version-history":[{"count":0,"href":"https:\/\/www.ratownictwo-wodne.com\/index.php\/wp-json\/wp\/v2\/pages\/523\/revisions"}],"wp:attachment":[{"href":"https:\/\/www.ratownictwo-wodne.com\/index.php\/wp-json\/wp\/v2\/media?parent=523"}],"curies":[{"name":"wp","href":"https:\/\/api.w.org\/{rel}","templated":true}]}}